{"id":7206,"date":"2023-05-26T14:57:16","date_gmt":"2023-05-26T12:57:16","guid":{"rendered":"https:\/\/www.connorsa.es\/produkte\/horeca\/"},"modified":"2024-03-06T13:59:05","modified_gmt":"2024-03-06T12:59:05","slug":"horeca","status":"publish","type":"page","link":"https:\/\/www.connorsa.es\/de\/produkte\/horeca\/","title":{"rendered":"HoReCa"},"content":{"rendered":"\t\t<div data-elementor-type=\"wp-page\" data-elementor-id=\"7206\" class=\"elementor elementor-7206 elementor-3879\" data-elementor-post-type=\"page\">\n\t\t\t\t<div class=\"elementor-element elementor-element-7bd540a e-con-full e-flex e-con e-parent\" data-id=\"7bd540a\" data-element_type=\"container\" data-e-type=\"container\" data-settings=\"{&quot;jet_parallax_layout_list&quot;:[]}\">\n\t\t<div class=\"elementor-element elementor-element-125f021 e-flex e-con-boxed e-con e-parent\" data-id=\"125f021\" data-element_type=\"container\" data-e-type=\"container\" data-settings=\"{&quot;jet_parallax_layout_list&quot;:[]}\">\n\t\t\t\t\t<div class=\"e-con-inner\">\n\t\t\t\t<div class=\"elementor-element elementor-element-f46cdb9 connorsa-title elementor-widget elementor-widget-heading\" data-id=\"f46cdb9\" data-element_type=\"widget\" data-e-type=\"widget\" data-widget_type=\"heading.default\">\n\t\t\t\t<div class=\"elementor-widget-container\">\n\t\t\t\t\t<h2 class=\"elementor-heading-title elementor-size-default\">horeca<\/h2>\t\t\t\t<\/div>\n\t\t\t\t<\/div>\n\t\t\t\t\t<\/div>\n\t\t\t\t<\/div>\n\t\t<div class=\"elementor-element elementor-element-d76606e e-flex e-con-boxed e-con e-parent\" data-id=\"d76606e\" data-element_type=\"container\" data-e-type=\"container\" data-settings=\"{&quot;jet_parallax_layout_list&quot;:[]}\">\n\t\t\t\t\t<div class=\"e-con-inner\">\n\t\t\t\t<div class=\"elementor-element elementor-element-7fdf7c3 elementor-widget elementor-widget-text-editor\" data-id=\"7fdf7c3\" data-element_type=\"widget\" data-e-type=\"widget\" data-widget_type=\"text-editor.default\">\n\t\t\t\t<div class=\"elementor-widget-container\">\n\t\t\t\t\t\t\t\t\t<p>CABO DE PE\u00d1AS steht f\u00fcr Exzellenz und Qualit\u00e4t und passt sich mit dieser Produktlinie an die besonderen Bed\u00fcrfnisse von Fachkr\u00e4ften an, da wir ihnen unsere Hauptprodukte in Gro\u00dfpackungen anbieten.<\/p>\n\t\t\t\t\t\t\t\t<\/div>\n\t\t\t\t<\/div>\n\t\t\t\t\t<\/div>\n\t\t\t\t<\/div>\n\t\t\t\t<\/div>\n\t\t<div class=\"elementor-element elementor-element-5be631b e-flex e-con-boxed e-con e-parent\" data-id=\"5be631b\" data-element_type=\"container\" data-e-type=\"container\" data-settings=\"{&quot;jet_parallax_layout_list&quot;:[]}\">\n\t\t\t\t\t<div class=\"e-con-inner\">\n\t\t\t\t\t<\/div>\n\t\t\t\t<\/div>\n\t\t\t\t<\/div>\n\t\t","protected":false},"excerpt":{"rendered":"<p>horeca CABO DE PE\u00d1AS steht f\u00fcr Exzellenz und Qualit\u00e4t und passt sich mit dieser Produktlinie an die besonderen Bed\u00fcrfnisse von Fachkr\u00e4ften an, da wir ihnen unsere Hauptprodukte in Gro\u00dfpackungen anbieten.<\/p>\n","protected":false},"author":1,"featured_media":0,"parent":6765,"menu_order":0,"comment_status":"closed","ping_status":"closed","template":"elementor_header_footer","meta":{"footnotes":""},"class_list":["post-7206","page","type-page","status-publish"],"acf":[],"_links":{"self":[{"href":"https:\/\/www.connorsa.es\/de\/wp-json\/wp\/v2\/pages\/7206","targetHints":{"allow":["GET"]}}],"collection":[{"href":"https:\/\/www.connorsa.es\/de\/wp-json\/wp\/v2\/pages"}],"about":[{"href":"https:\/\/www.connorsa.es\/de\/wp-json\/wp\/v2\/types\/page"}],"author":[{"embeddable":true,"href":"https:\/\/www.connorsa.es\/de\/wp-json\/wp\/v2\/users\/1"}],"replies":[{"embeddable":true,"href":"https:\/\/www.connorsa.es\/de\/wp-json\/wp\/v2\/comments?post=7206"}],"version-history":[{"count":0,"href":"https:\/\/www.connorsa.es\/de\/wp-json\/wp\/v2\/pages\/7206\/revisions"}],"up":[{"embeddable":true,"href":"https:\/\/www.connorsa.es\/de\/wp-json\/wp\/v2\/pages\/6765"}],"wp:attachment":[{"href":"https:\/\/www.connorsa.es\/de\/wp-json\/wp\/v2\/media?parent=7206"}],"curies":[{"name":"wp","href":"https:\/\/api.w.org\/{rel}","templated":true}]}}