{"id":4382,"date":"2023-05-11T11:50:18","date_gmt":"2023-05-11T09:50:18","guid":{"rendered":"https:\/\/www.connorsa.es\/grants\/"},"modified":"2025-09-17T11:24:26","modified_gmt":"2025-09-17T09:24:26","slug":"grants","status":"publish","type":"page","link":"https:\/\/www.connorsa.es\/en\/grants\/","title":{"rendered":"Grants"},"content":{"rendered":"\t\t<div data-elementor-type=\"wp-page\" data-elementor-id=\"4382\" class=\"elementor elementor-4382 elementor-1032\" data-elementor-post-type=\"page\">\n\t\t\t\t<div class=\"elementor-element elementor-element-62739b7 e-con-full e-flex e-con e-parent\" data-id=\"62739b7\" data-element_type=\"container\" data-e-type=\"container\" data-settings=\"{&quot;background_background&quot;:&quot;classic&quot;,&quot;jet_parallax_layout_list&quot;:[]}\">\n\t\t\t\t<\/div>\n\t\t<div class=\"elementor-element elementor-element-d39e5a7 e-flex e-con-boxed e-con e-parent\" data-id=\"d39e5a7\" data-element_type=\"container\" data-e-type=\"container\" data-settings=\"{&quot;background_background&quot;:&quot;classic&quot;,&quot;jet_parallax_layout_list&quot;:[]}\">\n\t\t\t\t\t<div class=\"e-con-inner\">\n\t\t<div class=\"elementor-element elementor-element-87af36c e-flex e-con-boxed e-con e-child\" data-id=\"87af36c\" data-element_type=\"container\" data-e-type=\"container\" data-settings=\"{&quot;jet_parallax_layout_list&quot;:[]}\">\n\t\t\t\t\t<div class=\"e-con-inner\">\n\t\t\t\t<div class=\"elementor-element elementor-element-589e64d connorsa-title elementor-widget elementor-widget-heading\" data-id=\"589e64d\" data-element_type=\"widget\" data-e-type=\"widget\" data-widget_type=\"heading.default\">\n\t\t\t\t<div class=\"elementor-widget-container\">\n\t\t\t\t\t<h2 class=\"elementor-heading-title elementor-size-default\">FOEXGA GRANDES EMPRESAS 2025<\/h2>\t\t\t\t<\/div>\n\t\t\t\t<\/div>\n\t\t\t\t<div class=\"elementor-element elementor-element-d6a8b74 elementor-widget elementor-widget-text-editor\" data-id=\"d6a8b74\" data-element_type=\"widget\" data-e-type=\"widget\" data-widget_type=\"text-editor.default\">\n\t\t\t\t<div class=\"elementor-widget-container\">\n\t\t\t\t\t\t\t\t\t<p><img fetchpriority=\"high\" decoding=\"async\" class=\"alignnone size-full wp-image-7782\" src=\"https:\/\/www.connorsa.es\/wp-content\/uploads\/2025\/09\/Diseno-sin-titulo.png\" alt=\"\" width=\"1571\" height=\"720\" srcset=\"https:\/\/www.connorsa.es\/wp-content\/uploads\/2025\/09\/Diseno-sin-titulo.png 1571w, https:\/\/www.connorsa.es\/wp-content\/uploads\/2025\/09\/Diseno-sin-titulo-300x137.png 300w, https:\/\/www.connorsa.es\/wp-content\/uploads\/2025\/09\/Diseno-sin-titulo-1024x469.png 1024w, https:\/\/www.connorsa.es\/wp-content\/uploads\/2025\/09\/Diseno-sin-titulo-768x352.png 768w, https:\/\/www.connorsa.es\/wp-content\/uploads\/2025\/09\/Diseno-sin-titulo-1536x704.png 1536w\" sizes=\"(max-width: 1571px) 100vw, 1571px\" \/><\/p>\t\t\t\t\t\t\t\t<\/div>\n\t\t\t\t<\/div>\n\t\t\t\t<div class=\"elementor-element elementor-element-5c06eaa connorsa-title elementor-widget elementor-widget-heading\" data-id=\"5c06eaa\" data-element_type=\"widget\" data-e-type=\"widget\" data-widget_type=\"heading.default\">\n\t\t\t\t<div class=\"elementor-widget-container\">\n\t\t\t\t\t<h2 class=\"elementor-heading-title elementor-size-default\"><span style=\"font-size: 2.1rem;letter-spacing: 1.9px\">MISI\u00d3N COMERCIAL REINO UNIDO MAIO 2023<\/span><\/h2>\t\t\t\t<\/div>\n\t\t\t\t<\/div>\n\t\t\t\t\t<\/div>\n\t\t\t\t<\/div>\n\t\t\t\t\t<\/div>\n\t\t\t\t<\/div>\n\t\t<div class=\"elementor-element elementor-element-fb7d2ef e-flex e-con-boxed e-con e-parent\" data-id=\"fb7d2ef\" data-element_type=\"container\" data-e-type=\"container\" data-settings=\"{&quot;background_background&quot;:&quot;classic&quot;,&quot;jet_parallax_layout_list&quot;:[]}\">\n\t\t\t\t\t<div class=\"e-con-inner\">\n\t\t<div class=\"elementor-element elementor-element-9bc115d e-con-full e-flex e-con e-child\" data-id=\"9bc115d\" data-element_type=\"container\" data-e-type=\"container\" data-settings=\"{&quot;jet_parallax_layout_list&quot;:[]}\">\n\t\t\t\t<div class=\"elementor-element elementor-element-a934c99 elementor-widget elementor-widget-text-editor\" data-id=\"a934c99\" data-element_type=\"widget\" data-e-type=\"widget\" data-widget_type=\"text-editor.default\">\n\t\t\t\t<div class=\"elementor-widget-container\">\n\t\t\t\t\t\t\t\t\t<p><img decoding=\"async\" class=\"alignnone wp-image-7520 size-full\" src=\"https:\/\/www.connorsa.es\/wp-content\/uploads\/2024\/04\/connorsa-igape_-230416.png\" alt=\"\" width=\"1550\" height=\"705\" srcset=\"https:\/\/www.connorsa.es\/wp-content\/uploads\/2024\/04\/connorsa-igape_-230416.png 1550w, https:\/\/www.connorsa.es\/wp-content\/uploads\/2024\/04\/connorsa-igape_-230416-300x136.png 300w, https:\/\/www.connorsa.es\/wp-content\/uploads\/2024\/04\/connorsa-igape_-230416-1024x466.png 1024w, https:\/\/www.connorsa.es\/wp-content\/uploads\/2024\/04\/connorsa-igape_-230416-768x349.png 768w, https:\/\/www.connorsa.es\/wp-content\/uploads\/2024\/04\/connorsa-igape_-230416-1536x699.png 1536w\" sizes=\"(max-width: 1550px) 100vw, 1550px\" \/><\/p>\n\t\t\t\t\t\t\t\t<\/div>\n\t\t\t\t<\/div>\n\t\t\t\t<\/div>\n\t\t\t\t\t<\/div>\n\t\t\t\t<\/div>\n\t\t<div class=\"elementor-element elementor-element-ec2d18d e-flex e-con-boxed e-con e-parent\" data-id=\"ec2d18d\" data-element_type=\"container\" data-e-type=\"container\" data-settings=\"{&quot;background_background&quot;:&quot;classic&quot;,&quot;jet_parallax_layout_list&quot;:[]}\">\n\t\t\t\t\t<div class=\"e-con-inner\">\n\t\t<div class=\"elementor-element elementor-element-8a52aa3 e-flex e-con-boxed e-con e-child\" data-id=\"8a52aa3\" data-element_type=\"container\" data-e-type=\"container\" data-settings=\"{&quot;jet_parallax_layout_list&quot;:[]}\">\n\t\t\t\t\t<div class=\"e-con-inner\">\n\t\t\t\t<div class=\"elementor-element elementor-element-dc22cd7 connorsa-title elementor-widget elementor-widget-heading\" data-id=\"dc22cd7\" data-element_type=\"widget\" data-e-type=\"widget\" data-widget_type=\"heading.default\">\n\t\t\t\t<div class=\"elementor-widget-container\">\n\t\t\t\t\t<h2 class=\"elementor-heading-title elementor-size-default\">MISI\u00d3N COMERCIAL EEUU XU\u00d1O 2023<\/h2>\t\t\t\t<\/div>\n\t\t\t\t<\/div>\n\t\t\t\t\t<\/div>\n\t\t\t\t<\/div>\n\t\t\t\t\t<\/div>\n\t\t\t\t<\/div>\n\t\t<div class=\"elementor-element elementor-element-975f682 e-flex e-con-boxed e-con e-parent\" data-id=\"975f682\" data-element_type=\"container\" data-e-type=\"container\" data-settings=\"{&quot;background_background&quot;:&quot;classic&quot;,&quot;jet_parallax_layout_list&quot;:[]}\">\n\t\t\t\t\t<div class=\"e-con-inner\">\n\t\t<div class=\"elementor-element elementor-element-ca34120 e-con-full e-flex e-con e-child\" data-id=\"ca34120\" data-element_type=\"container\" data-e-type=\"container\" data-settings=\"{&quot;jet_parallax_layout_list&quot;:[]}\">\n\t\t\t\t<div class=\"elementor-element elementor-element-36f7c6d elementor-widget elementor-widget-text-editor\" data-id=\"36f7c6d\" data-element_type=\"widget\" data-e-type=\"widget\" data-widget_type=\"text-editor.default\">\n\t\t\t\t<div class=\"elementor-widget-container\">\n\t\t\t\t\t\t\t\t\t<p><img decoding=\"async\" class=\"alignnone wp-image-4562 size-full\" src=\"https:\/\/www.connorsa.es\/wp-content\/uploads\/2023\/06\/connorsa-igape_-2300630.png\" alt=\"\" width=\"1531\" height=\"702\" srcset=\"https:\/\/www.connorsa.es\/wp-content\/uploads\/2023\/06\/connorsa-igape_-2300630.png 1531w, https:\/\/www.connorsa.es\/wp-content\/uploads\/2023\/06\/connorsa-igape_-2300630-300x138.png 300w, https:\/\/www.connorsa.es\/wp-content\/uploads\/2023\/06\/connorsa-igape_-2300630-1024x470.png 1024w, https:\/\/www.connorsa.es\/wp-content\/uploads\/2023\/06\/connorsa-igape_-2300630-768x352.png 768w\" sizes=\"(max-width: 1531px) 100vw, 1531px\" \/><\/p>\n\t\t\t\t\t\t\t\t<\/div>\n\t\t\t\t<\/div>\n\t\t\t\t<\/div>\n\t\t\t\t\t<\/div>\n\t\t\t\t<\/div>\n\t\t<div class=\"elementor-element elementor-element-01e7829 e-flex e-con-boxed e-con e-parent\" data-id=\"01e7829\" data-element_type=\"container\" data-e-type=\"container\" data-settings=\"{&quot;jet_parallax_layout_list&quot;:[]}\">\n\t\t\t\t\t<div class=\"e-con-inner\">\n\t\t<div class=\"elementor-element elementor-element-7e80323 e-flex e-con-boxed e-con e-child\" data-id=\"7e80323\" data-element_type=\"container\" data-e-type=\"container\" data-settings=\"{&quot;jet_parallax_layout_list&quot;:[]}\">\n\t\t\t\t\t<div class=\"e-con-inner\">\n\t\t\t\t<div class=\"elementor-element elementor-element-cac5c4e connorsa-title elementor-widget elementor-widget-heading\" data-id=\"cac5c4e\" data-element_type=\"widget\" data-e-type=\"widget\" data-widget_type=\"heading.default\">\n\t\t\t\t<div class=\"elementor-widget-container\">\n\t\t\t\t\t<h2 class=\"elementor-heading-title elementor-size-default\">MISI\u00d3N COMERCIAL EEUU XU\u00d1O 2023<\/h2>\t\t\t\t<\/div>\n\t\t\t\t<\/div>\n\t\t\t\t\t<\/div>\n\t\t\t\t<\/div>\n\t\t\t\t\t<\/div>\n\t\t\t\t<\/div>\n\t\t<div class=\"elementor-element elementor-element-4d21dc1 e-flex e-con-boxed e-con e-parent\" data-id=\"4d21dc1\" data-element_type=\"container\" data-e-type=\"container\" data-settings=\"{&quot;background_background&quot;:&quot;classic&quot;,&quot;jet_parallax_layout_list&quot;:[]}\">\n\t\t\t\t\t<div class=\"e-con-inner\">\n\t\t<div class=\"elementor-element elementor-element-16ab654 e-con-full e-flex e-con e-child\" data-id=\"16ab654\" data-element_type=\"container\" data-e-type=\"container\" data-settings=\"{&quot;jet_parallax_layout_list&quot;:[]}\">\n\t\t\t\t<div class=\"elementor-element elementor-element-9327619 elementor-widget elementor-widget-text-editor\" data-id=\"9327619\" data-element_type=\"widget\" data-e-type=\"widget\" data-widget_type=\"text-editor.default\">\n\t\t\t\t<div class=\"elementor-widget-container\">\n\t\t\t\t\t\t\t\t\t<p><img loading=\"lazy\" decoding=\"async\" class=\"alignnone wp-image-5295 size-full\" src=\"https:\/\/www.connorsa.es\/wp-content\/uploads\/2023\/07\/connorsa-igape_-280723.png\" alt=\"\" width=\"1250\" height=\"615\" srcset=\"https:\/\/www.connorsa.es\/wp-content\/uploads\/2023\/07\/connorsa-igape_-280723.png 1250w, https:\/\/www.connorsa.es\/wp-content\/uploads\/2023\/07\/connorsa-igape_-280723-300x148.png 300w, https:\/\/www.connorsa.es\/wp-content\/uploads\/2023\/07\/connorsa-igape_-280723-1024x504.png 1024w, https:\/\/www.connorsa.es\/wp-content\/uploads\/2023\/07\/connorsa-igape_-280723-768x378.png 768w\" sizes=\"(max-width: 1250px) 100vw, 1250px\" \/><\/p>\n\t\t\t\t\t\t\t\t<\/div>\n\t\t\t\t<\/div>\n\t\t\t\t<\/div>\n\t\t\t\t\t<\/div>\n\t\t\t\t<\/div>\n\t\t<div class=\"elementor-element elementor-element-a81934e e-flex e-con-boxed e-con e-parent\" data-id=\"a81934e\" data-element_type=\"container\" data-e-type=\"container\" data-settings=\"{&quot;jet_parallax_layout_list&quot;:[]}\">\n\t\t\t\t\t<div class=\"e-con-inner\">\n\t\t<div class=\"elementor-element elementor-element-1821113 e-flex e-con-boxed e-con e-child\" data-id=\"1821113\" data-element_type=\"container\" data-e-type=\"container\" data-settings=\"{&quot;jet_parallax_layout_list&quot;:[]}\">\n\t\t\t\t\t<div class=\"e-con-inner\">\n\t\t\t\t<div class=\"elementor-element elementor-element-01049d6 connorsa-title elementor-widget elementor-widget-heading\" data-id=\"01049d6\" data-element_type=\"widget\" data-e-type=\"widget\" data-widget_type=\"heading.default\">\n\t\t\t\t<div class=\"elementor-widget-container\">\n\t\t\t\t\t<h2 class=\"elementor-heading-title elementor-size-default\">Axudas do igape programa plan foexga 2019-2020<\/h2>\t\t\t\t<\/div>\n\t\t\t\t<\/div>\n\t\t\t\t\t<\/div>\n\t\t\t\t<\/div>\n\t\t\t\t\t<\/div>\n\t\t\t\t<\/div>\n\t\t<div class=\"elementor-element elementor-element-7c52bda e-flex e-con-boxed e-con e-parent\" data-id=\"7c52bda\" data-element_type=\"container\" data-e-type=\"container\" data-settings=\"{&quot;background_background&quot;:&quot;classic&quot;,&quot;jet_parallax_layout_list&quot;:[]}\">\n\t\t\t\t\t<div class=\"e-con-inner\">\n\t\t<div class=\"elementor-element elementor-element-53676d0 e-con-full e-flex e-con e-child\" data-id=\"53676d0\" data-element_type=\"container\" data-e-type=\"container\" data-settings=\"{&quot;jet_parallax_layout_list&quot;:[]}\">\n\t\t\t\t<div class=\"elementor-element elementor-element-4ff96ec elementor-widget elementor-widget-text-editor\" data-id=\"4ff96ec\" data-element_type=\"widget\" data-e-type=\"widget\" data-widget_type=\"text-editor.default\">\n\t\t\t\t<div class=\"elementor-widget-container\">\n\t\t\t\t\t\t\t\t\t<p><img loading=\"lazy\" decoding=\"async\" class=\"alignnone wp-image-1035 size-full\" src=\"https:\/\/www.connorsa.es\/wp-content\/uploads\/2023\/05\/Foexga-2019-2020.png\" alt=\"\" width=\"1211\" height=\"731\" srcset=\"https:\/\/www.connorsa.es\/wp-content\/uploads\/2023\/05\/Foexga-2019-2020.png 1211w, https:\/\/www.connorsa.es\/wp-content\/uploads\/2023\/05\/Foexga-2019-2020-300x181.png 300w, https:\/\/www.connorsa.es\/wp-content\/uploads\/2023\/05\/Foexga-2019-2020-1024x618.png 1024w, https:\/\/www.connorsa.es\/wp-content\/uploads\/2023\/05\/Foexga-2019-2020-768x464.png 768w\" sizes=\"(max-width: 1211px) 100vw, 1211px\" \/><\/p>\n\t\t\t\t\t\t\t\t<\/div>\n\t\t\t\t<\/div>\n\t\t\t\t<\/div>\n\t\t\t\t\t<\/div>\n\t\t\t\t<\/div>\n\t\t<div class=\"elementor-element elementor-element-7520c34 e-flex e-con-boxed e-con e-parent\" data-id=\"7520c34\" data-element_type=\"container\" data-e-type=\"container\" data-settings=\"{&quot;jet_parallax_layout_list&quot;:[]}\">\n\t\t\t\t\t<div class=\"e-con-inner\">\n\t\t<div class=\"elementor-element elementor-element-8ff95aa e-flex e-con-boxed e-con e-child\" data-id=\"8ff95aa\" data-element_type=\"container\" data-e-type=\"container\" data-settings=\"{&quot;jet_parallax_layout_list&quot;:[]}\">\n\t\t\t\t\t<div class=\"e-con-inner\">\n\t\t\t\t<div class=\"elementor-element elementor-element-962684d connorsa-title elementor-widget elementor-widget-heading\" data-id=\"962684d\" data-element_type=\"widget\" data-e-type=\"widget\" data-widget_type=\"heading.default\">\n\t\t\t\t<div class=\"elementor-widget-container\">\n\t\t\t\t\t<h2 class=\"elementor-heading-title elementor-size-default\">Axudas do Igape Programa Sinerxia de Internacionalizaci\u00f3n 2019-2020<\/h2>\t\t\t\t<\/div>\n\t\t\t\t<\/div>\n\t\t\t\t\t<\/div>\n\t\t\t\t<\/div>\n\t\t\t\t\t<\/div>\n\t\t\t\t<\/div>\n\t\t<div class=\"elementor-element elementor-element-bffb406 e-flex e-con-boxed e-con e-parent\" data-id=\"bffb406\" data-element_type=\"container\" data-e-type=\"container\" data-settings=\"{&quot;background_background&quot;:&quot;classic&quot;,&quot;jet_parallax_layout_list&quot;:[]}\">\n\t\t\t\t\t<div class=\"e-con-inner\">\n\t\t<div class=\"elementor-element elementor-element-c1f02ec e-con-full e-flex e-con e-child\" data-id=\"c1f02ec\" data-element_type=\"container\" data-e-type=\"container\" data-settings=\"{&quot;jet_parallax_layout_list&quot;:[]}\">\n\t\t\t\t<div class=\"elementor-element elementor-element-7c794c0 elementor-widget elementor-widget-text-editor\" data-id=\"7c794c0\" data-element_type=\"widget\" data-e-type=\"widget\" data-widget_type=\"text-editor.default\">\n\t\t\t\t<div class=\"elementor-widget-container\">\n\t\t\t\t\t\t\t\t\t<p><img loading=\"lazy\" decoding=\"async\" class=\"alignnone wp-image-1037 size-large\" src=\"https:\/\/www.connorsa.es\/wp-content\/uploads\/2023\/05\/Programa-Sinerxia-2019-2020-1024x486.png\" alt=\"\" width=\"1024\" height=\"486\" srcset=\"https:\/\/www.connorsa.es\/wp-content\/uploads\/2023\/05\/Programa-Sinerxia-2019-2020-1024x486.png 1024w, https:\/\/www.connorsa.es\/wp-content\/uploads\/2023\/05\/Programa-Sinerxia-2019-2020-300x142.png 300w, https:\/\/www.connorsa.es\/wp-content\/uploads\/2023\/05\/Programa-Sinerxia-2019-2020-768x365.png 768w, https:\/\/www.connorsa.es\/wp-content\/uploads\/2023\/05\/Programa-Sinerxia-2019-2020.png 1198w\" sizes=\"(max-width: 1024px) 100vw, 1024px\" \/><\/p>\n\t\t\t\t\t\t\t\t<\/div>\n\t\t\t\t<\/div>\n\t\t\t\t<\/div>\n\t\t\t\t\t<\/div>\n\t\t\t\t<\/div>\n\t\t\t\t<\/div>\n\t\t","protected":false},"excerpt":{"rendered":"<p>FOEXGA GRANDES EMPRESAS 2025 MISI\u00d3N COMERCIAL REINO UNIDO MAIO 2023 MISI\u00d3N COMERCIAL EEUU XU\u00d1O 2023 MISI\u00d3N COMERCIAL EEUU XU\u00d1O 2023 Axudas do igape programa plan foexga 2019-2020 Axudas do Igape Programa Sinerxia de Internacionalizaci\u00f3n 2019-2020<\/p>\n","protected":false},"author":1,"featured_media":0,"parent":0,"menu_order":0,"comment_status":"closed","ping_status":"closed","template":"elementor_header_footer","meta":{"footnotes":""},"class_list":["post-4382","page","type-page","status-publish"],"acf":[],"_links":{"self":[{"href":"https:\/\/www.connorsa.es\/en\/wp-json\/wp\/v2\/pages\/4382","targetHints":{"allow":["GET"]}}],"collection":[{"href":"https:\/\/www.connorsa.es\/en\/wp-json\/wp\/v2\/pages"}],"about":[{"href":"https:\/\/www.connorsa.es\/en\/wp-json\/wp\/v2\/types\/page"}],"author":[{"embeddable":true,"href":"https:\/\/www.connorsa.es\/en\/wp-json\/wp\/v2\/users\/1"}],"replies":[{"embeddable":true,"href":"https:\/\/www.connorsa.es\/en\/wp-json\/wp\/v2\/comments?post=4382"}],"version-history":[{"count":3,"href":"https:\/\/www.connorsa.es\/en\/wp-json\/wp\/v2\/pages\/4382\/revisions"}],"predecessor-version":[{"id":7792,"href":"https:\/\/www.connorsa.es\/en\/wp-json\/wp\/v2\/pages\/4382\/revisions\/7792"}],"wp:attachment":[{"href":"https:\/\/www.connorsa.es\/en\/wp-json\/wp\/v2\/media?parent=4382"}],"curies":[{"name":"wp","href":"https:\/\/api.w.org\/{rel}","templated":true}]}}