{"id":4404,"date":"2023-05-30T11:23:57","date_gmt":"2023-05-30T09:23:57","guid":{"rendered":"https:\/\/www.connorsa.es\/politique-de-confidentialite\/"},"modified":"2023-06-30T10:52:35","modified_gmt":"2023-06-30T08:52:35","slug":"politique-de-confidentialite","status":"publish","type":"page","link":"https:\/\/www.connorsa.es\/fr\/politique-de-confidentialite\/","title":{"rendered":"Politique de confidentialit\u00e9"},"content":{"rendered":"\t\t<div data-elementor-type=\"wp-page\" data-elementor-id=\"4404\" class=\"elementor elementor-4404 elementor-4057\" data-elementor-post-type=\"page\">\n\t\t\t\t<div class=\"elementor-element elementor-element-428a91c e-con-full e-flex e-con e-parent\" data-id=\"428a91c\" data-element_type=\"container\" data-e-type=\"container\" data-settings=\"{&quot;background_background&quot;:&quot;classic&quot;,&quot;jet_parallax_layout_list&quot;:[]}\">\n\t\t\t\t<\/div>\n\t\t<div class=\"elementor-element elementor-element-fe8b4e6 e-con-full e-flex e-con e-parent\" data-id=\"fe8b4e6\" data-element_type=\"container\" data-e-type=\"container\" data-settings=\"{&quot;jet_parallax_layout_list&quot;:[]}\">\n\t\t<div class=\"elementor-element elementor-element-06cce0f e-flex e-con-boxed e-con e-parent\" data-id=\"06cce0f\" data-element_type=\"container\" data-e-type=\"container\" data-settings=\"{&quot;jet_parallax_layout_list&quot;:[]}\">\n\t\t\t\t\t<div class=\"e-con-inner\">\n\t\t\t\t<div class=\"elementor-element elementor-element-abf3ef6 elementor-widget elementor-widget-text-editor\" data-id=\"abf3ef6\" data-element_type=\"widget\" data-e-type=\"widget\" data-widget_type=\"text-editor.default\">\n\t\t\t\t<div class=\"elementor-widget-container\">\n\t\t\t\t\t\t\t\t\t<p>Les donn\u00e9es personnelles li\u00e9es \u00e0 ce site web sont conformes aux exigences du r\u00e8glement (UE) 2016\/679 RGPD et LOPDGDD 3\/2018.<\/p>\n<p><strong>Qui est le contr\u00f4leur de donn\u00e9es ?<\/strong><\/p>\n<p>CONNORSA- CONSERVAS DEL NOROESTE, S.A.<\/p>\n<p>NIF : A36030096<\/p>\n<p>Adresse : Lugar de Pedra Navallas- Acu\u00f1a, S\/n, 36141, Vilaboa-acu\u00f1a (Pontevedra) Espagne.<\/p>\n<p>T\u00e9l\u00e9phone : 986708233<\/p>\n<p>Courriel : marketing@connorsa.es<\/p>\n<p><strong><br \/>Quelle est la finalit\u00e9 et la l\u00e9gitimit\u00e9 du traitement de vos donn\u00e9es personnelles ?<\/strong><\/p>\n<p>a) G\u00e9rer et r\u00e9pondre aux demandes d\u2019information, aux questions, aux requ\u00eates, aux suggestions ou aux plaintes li\u00e9es \u00e0 notre activit\u00e9 qui sont faites par le biais du formulaire de contact de notre site web. Nous pouvons traiter vos donn\u00e9es \u00e0 cette fin parce que nous avons un int\u00e9r\u00eat l\u00e9gitime \u00e0 assister aux communications n\u00e9cessaires pour pouvoir mener \u00e0 bien notre activit\u00e9. <\/p>\n<p>b) G\u00e9rer les curriculums re\u00e7us par le biais du formulaire de contact de notre site web afin de vous permettre de participer aux processus de s\u00e9lection que nous pourrions organiser \u00e0 l\u2019avenir. Nous pouvons traiter vos donn\u00e9es \u00e0 cette fin parce que vous nous avez donn\u00e9 votre consentement en soumettant votre CV. <\/p>\n<p><strong>Combien de temps conservons-nous vos donn\u00e9es personnelles?<\/strong><\/p>\n<p>a) Les donn\u00e9es des personnes qui nous contactent par le biais du formulaire de contact pour faire une demande d\u2019information, soumettre une plainte ou une suggestion seront conserv\u00e9es pendant le temps n\u00e9cessaire \u00e0 l\u2019accomplissement des objectifs indiqu\u00e9s.<\/p>\n<p>b) Les donn\u00e9es des personnes qui soumettent leur curriculum vitae via le formulaire de contact seront conserv\u00e9es pendant une p\u00e9riode maximale d\u2019un an.<\/p>\n<p><strong>A quels destinataires vos donn\u00e9es seront-elles communiqu\u00e9es ?<\/strong><\/p>\n<p>Vos donn\u00e9es ne seront pas transmises \u00e0 des tiers. Les donn\u00e9es n\u00e9cessaires seront communiqu\u00e9es \u00e0 nos responsables du traitement des donn\u00e9es lorsque cela est n\u00e9cessaire pour la fourniture correcte des services contract\u00e9s. <\/p>\n<\/p>\n<p><strong>Des transferts internationaux de donn\u00e9es seront-ils effectu\u00e9s ?<\/strong><\/p>\n<p>Les transferts internationaux de donn\u00e9es ne seront pas effectu\u00e9s.<\/p>\n<\/p>\n<p><strong>Quels sont vos droits lorsque vous nous fournissez vos donn\u00e9es personnelles ?<\/strong><\/p>\n<p>\u2013 Acc\u00e8s : le droit d\u2019obtenir la confirmation que nous traitons ou non vos donn\u00e9es personnelles, de savoir de quoi il s\u2019agit, \u00e0 quoi elles servent, combien de temps elles seront conserv\u00e9es, l\u2019origine des donn\u00e9es et si elles ont \u00e9t\u00e9 ou seront communiqu\u00e9es \u00e0 un tiers.<\/p>\n<p>\u2013 Rectification : le droit de demander la rectification de donn\u00e9es inexactes et de compl\u00e9ter des donn\u00e9es personnelles incompl\u00e8tes.<\/p>\n<p>\u2013 Suppression : le droit de demander la suppression des donn\u00e9es \u00e0 caract\u00e8re personnel lorsqu\u2019elles sont inad\u00e9quates, excessives ou ne sont plus n\u00e9cessaires aux fins pour lesquelles elles ont \u00e9t\u00e9 collect\u00e9es, y compris le droit \u00e0 l\u2019oubli.<\/p>\n<p>\u2013 Opposition : le droit de s\u2019opposer, dans certaines circonstances, au traitement de vos donn\u00e9es personnelles ou de demander l\u2019arr\u00eat du traitement.<\/p>\n<p>\u2013 Limitation du traitement : le droit de demander, dans les circonstances l\u00e9galement \u00e9tablies, que vos donn\u00e9es ne soient pas trait\u00e9es au-del\u00e0 de la simple conservation de celles-ci.<\/p>\n<p>\u2013 Portabilit\u00e9 : le droit de recevoir des donn\u00e9es \u00e0 caract\u00e8re personnel dans un format structur\u00e9, couramment utilis\u00e9 et lisible par machine et de pouvoir les transmettre \u00e0 un autre responsable du traitement des donn\u00e9es, \u00e0 condition que cela soit techniquement possible.<\/p>\n<p>\u2013 Droit de retirer le consentement : vous pouvez retirer votre consentement \u00e0 tout moment et, si vous retirez votre consentement, tout traitement de donn\u00e9es effectu\u00e9 pr\u00e9c\u00e9demment restera valable.<\/p>\n<\/p>\n<p><strong>O\u00f9 pouvez-vous exercer vos droits ?<\/strong><\/p>\n<p>L\u2019exercice des droits doit se faire par \u00e9crit \u00e0 l\u2019adresse suivante : Lugar de Pedra Navallas- Acu\u00f1a, S\/n, 36141, Vilaboa-acu\u00f1a (Pontevedra) Espagne ou par courrier \u00e9lectronique \u00e0 informatica@connorsa.es. CONNORSA- CONSERVAS DEL NOROESTE, S.A. met \u00e0 disposition des mod\u00e8les pour l\u2019exercice des droits qui peuvent \u00eatre obtenus \u00e0 l\u2019adresse ou par courrier \u00e9lectronique indiqu\u00e9s ci-dessus. Pour plus d\u2019informations : www.agpd.es.  <\/p>\n<\/p>\n<p><strong>Droit de se plaindre aupr\u00e8s de l\u2019Autorit\u00e9 de contr\u00f4le ?<\/strong><\/p>\n<p>Si vos droits n\u2019ont pas \u00e9t\u00e9 respect\u00e9s, vous pouvez d\u00e9poser une plainte par \u00e9crit aupr\u00e8s de l\u2019Agence espagnole de protection des donn\u00e9es situ\u00e9e Calle Jorge Juan, 6-28001-Madrid ou utiliser le site \u00e9lectronique : https:\/\/sedeagpd.gob. Dans les deux cas, vous devez accompagner la documentation pertinente.<\/p><\/p>\n\t\t\t\t\t\t\t\t<\/div>\n\t\t\t\t<\/div>\n\t\t\t\t\t<\/div>\n\t\t\t\t<\/div>\n\t\t\t\t<\/div>\n\t\t\t\t<\/div>\n\t\t","protected":false},"excerpt":{"rendered":"<p>Les donn\u00e9es personnelles li\u00e9es \u00e0 ce site web sont conformes aux exigences du r\u00e8glement (UE) 2016\/679 RGPD et LOPDGDD 3\/2018. Qui est le contr\u00f4leur de donn\u00e9es ? CONNORSA- CONSERVAS DEL NOROESTE, S.A. NIF : A36030096 Adresse : Lugar de Pedra Navallas- Acu\u00f1a, S\/n, 36141, Vilaboa-acu\u00f1a (Pontevedra) Espagne. T\u00e9l\u00e9phone : 986708233 Courriel : marketing@connorsa.es Quelle est &#8230; <a title=\"Politique de confidentialit\u00e9\" class=\"read-more\" href=\"https:\/\/www.connorsa.es\/fr\/politique-de-confidentialite\/\" aria-label=\"En savoir plus sur Politique de confidentialit\u00e9\">Lire la suite<\/a><\/p>\n","protected":false},"author":1,"featured_media":0,"parent":0,"menu_order":0,"comment_status":"closed","ping_status":"closed","template":"elementor_header_footer","meta":{"footnotes":""},"class_list":["post-4404","page","type-page","status-publish"],"acf":[],"_links":{"self":[{"href":"https:\/\/www.connorsa.es\/fr\/wp-json\/wp\/v2\/pages\/4404","targetHints":{"allow":["GET"]}}],"collection":[{"href":"https:\/\/www.connorsa.es\/fr\/wp-json\/wp\/v2\/pages"}],"about":[{"href":"https:\/\/www.connorsa.es\/fr\/wp-json\/wp\/v2\/types\/page"}],"author":[{"embeddable":true,"href":"https:\/\/www.connorsa.es\/fr\/wp-json\/wp\/v2\/users\/1"}],"replies":[{"embeddable":true,"href":"https:\/\/www.connorsa.es\/fr\/wp-json\/wp\/v2\/comments?post=4404"}],"version-history":[{"count":0,"href":"https:\/\/www.connorsa.es\/fr\/wp-json\/wp\/v2\/pages\/4404\/revisions"}],"wp:attachment":[{"href":"https:\/\/www.connorsa.es\/fr\/wp-json\/wp\/v2\/media?parent=4404"}],"curies":[{"name":"wp","href":"https:\/\/api.w.org\/{rel}","templated":true}]}}