{"id":4457,"date":"2023-05-29T14:51:12","date_gmt":"2023-05-29T12:51:12","guid":{"rendered":"https:\/\/www.connorsa.es\/produits\/cabo-de-penas-biologique\/"},"modified":"2023-06-30T11:17:31","modified_gmt":"2023-06-30T09:17:31","slug":"cabo-de-penas-biologique","status":"publish","type":"page","link":"https:\/\/www.connorsa.es\/fr\/produits\/cabo-de-penas-biologique\/","title":{"rendered":"Cabo de Pe\u00f1as Biologique"},"content":{"rendered":"\t\t<div data-elementor-type=\"wp-page\" data-elementor-id=\"4457\" class=\"elementor elementor-4457 elementor-3982\" data-elementor-post-type=\"page\">\n\t\t\t\t<div class=\"elementor-element elementor-element-da5fe37 e-con-full e-flex e-con e-parent\" data-id=\"da5fe37\" data-element_type=\"container\" data-e-type=\"container\" data-settings=\"{&quot;jet_parallax_layout_list&quot;:[]}\">\n\t\t<div class=\"elementor-element elementor-element-9ad9480 e-flex e-con-boxed e-con e-parent\" data-id=\"9ad9480\" data-element_type=\"container\" data-e-type=\"container\" data-settings=\"{&quot;jet_parallax_layout_list&quot;:[]}\">\n\t\t\t\t\t<div class=\"e-con-inner\">\n\t\t\t\t<div class=\"elementor-element elementor-element-1627eca elementor-widget elementor-widget-image\" data-id=\"1627eca\" data-element_type=\"widget\" data-e-type=\"widget\" data-widget_type=\"image.default\">\n\t\t\t\t<div class=\"elementor-widget-container\">\n\t\t\t\t\t\t\t\t\t\t\t\t\t\t\t<img fetchpriority=\"high\" decoding=\"async\" width=\"1024\" height=\"250\" src=\"https:\/\/www.connorsa.es\/wp-content\/uploads\/2023\/06\/CABO-DE-PE\u2022AS-ecol\u00a2gico-horizontal_200-1024x250.png\" class=\"attachment-large size-large wp-image-4237\" alt=\"\" srcset=\"https:\/\/www.connorsa.es\/wp-content\/uploads\/2023\/06\/CABO-DE-PE\u2022AS-ecol\u00a2gico-horizontal_200-1024x250.png 1024w, https:\/\/www.connorsa.es\/wp-content\/uploads\/2023\/06\/CABO-DE-PE\u2022AS-ecol\u00a2gico-horizontal_200-300x73.png 300w, https:\/\/www.connorsa.es\/wp-content\/uploads\/2023\/06\/CABO-DE-PE\u2022AS-ecol\u00a2gico-horizontal_200-768x187.png 768w, https:\/\/www.connorsa.es\/wp-content\/uploads\/2023\/06\/CABO-DE-PE\u2022AS-ecol\u00a2gico-horizontal_200-1536x375.png 1536w, https:\/\/www.connorsa.es\/wp-content\/uploads\/2023\/06\/CABO-DE-PE\u2022AS-ecol\u00a2gico-horizontal_200-2048x500.png 2048w\" sizes=\"(max-width: 1024px) 100vw, 1024px\" \/>\t\t\t\t\t\t\t\t\t\t\t\t\t\t\t<\/div>\n\t\t\t\t<\/div>\n\t\t\t\t\t<\/div>\n\t\t\t\t<\/div>\n\t\t<div class=\"elementor-element elementor-element-19fed74 e-flex e-con-boxed e-con e-parent\" data-id=\"19fed74\" data-element_type=\"container\" data-e-type=\"container\" data-settings=\"{&quot;jet_parallax_layout_list&quot;:[]}\">\n\t\t\t\t\t<div class=\"e-con-inner\">\n\t\t\t\t<div class=\"elementor-element elementor-element-adfc923 elementor-widget elementor-widget-text-editor\" data-id=\"adfc923\" data-element_type=\"widget\" data-e-type=\"widget\" data-widget_type=\"text-editor.default\">\n\t\t\t\t<div class=\"elementor-widget-container\">\n\t\t\t\t\t\t\t\t\t<p>Con\u00e7u pour ceux qui apportent un soin extr\u00eame \u00e0 la sant\u00e9 sans sacrifier la saveur, car ils contiennent des graisses saines pour le c\u0153ur et la meilleure huile d\u2019olive extra vierge cultiv\u00e9e et transform\u00e9e avec des techniques \u00e9cologiques.  <\/p>\n\t\t\t\t\t\t\t\t<\/div>\n\t\t\t\t<\/div>\n\t\t\t\t\t<\/div>\n\t\t\t\t<\/div>\n\t\t\t\t<\/div>\n\t\t<div class=\"elementor-element elementor-element-84d4ba0 e-flex e-con-boxed e-con e-parent\" data-id=\"84d4ba0\" data-element_type=\"container\" data-e-type=\"container\" data-settings=\"{&quot;jet_parallax_layout_list&quot;:[]}\">\n\t\t\t\t\t<div class=\"e-con-inner\">\n\t\t\t\t\t<\/div>\n\t\t\t\t<\/div>\n\t\t\t\t<\/div>\n\t\t","protected":false},"excerpt":{"rendered":"<p>Con\u00e7u pour ceux qui apportent un soin extr\u00eame \u00e0 la sant\u00e9 sans sacrifier la saveur, car ils contiennent des graisses saines pour le c\u0153ur et la meilleure huile d\u2019olive extra vierge cultiv\u00e9e et transform\u00e9e avec des techniques \u00e9cologiques.<\/p>\n","protected":false},"author":1,"featured_media":0,"parent":4375,"menu_order":0,"comment_status":"closed","ping_status":"closed","template":"elementor_header_footer","meta":{"footnotes":""},"class_list":["post-4457","page","type-page","status-publish"],"acf":[],"_links":{"self":[{"href":"https:\/\/www.connorsa.es\/fr\/wp-json\/wp\/v2\/pages\/4457","targetHints":{"allow":["GET"]}}],"collection":[{"href":"https:\/\/www.connorsa.es\/fr\/wp-json\/wp\/v2\/pages"}],"about":[{"href":"https:\/\/www.connorsa.es\/fr\/wp-json\/wp\/v2\/types\/page"}],"author":[{"embeddable":true,"href":"https:\/\/www.connorsa.es\/fr\/wp-json\/wp\/v2\/users\/1"}],"replies":[{"embeddable":true,"href":"https:\/\/www.connorsa.es\/fr\/wp-json\/wp\/v2\/comments?post=4457"}],"version-history":[{"count":0,"href":"https:\/\/www.connorsa.es\/fr\/wp-json\/wp\/v2\/pages\/4457\/revisions"}],"up":[{"embeddable":true,"href":"https:\/\/www.connorsa.es\/fr\/wp-json\/wp\/v2\/pages\/4375"}],"wp:attachment":[{"href":"https:\/\/www.connorsa.es\/fr\/wp-json\/wp\/v2\/media?parent=4457"}],"curies":[{"name":"wp","href":"https:\/\/api.w.org\/{rel}","templated":true}]}}