{"id":4461,"date":"2023-05-25T10:29:29","date_gmt":"2023-05-25T08:29:29","guid":{"rendered":"https:\/\/www.connorsa.es\/produits\/cabo-de-penas-ligne-premium\/"},"modified":"2023-07-12T14:30:23","modified_gmt":"2023-07-12T12:30:23","slug":"cabo-de-penas-ligne-premium","status":"publish","type":"page","link":"https:\/\/www.connorsa.es\/fr\/produits\/cabo-de-penas-ligne-premium\/","title":{"rendered":"Cabo de Pe\u00f1as Ligne Premium"},"content":{"rendered":"\t\t<div data-elementor-type=\"wp-page\" data-elementor-id=\"4461\" class=\"elementor elementor-4461 elementor-3691\" data-elementor-post-type=\"page\">\n\t\t\t\t<div class=\"elementor-element elementor-element-5653384 e-con-full e-flex e-con e-parent\" data-id=\"5653384\" data-element_type=\"container\" data-e-type=\"container\" data-settings=\"{&quot;jet_parallax_layout_list&quot;:[]}\">\n\t\t<div class=\"elementor-element elementor-element-0b2e910 e-flex e-con-boxed e-con e-parent\" data-id=\"0b2e910\" data-element_type=\"container\" data-e-type=\"container\" data-settings=\"{&quot;jet_parallax_layout_list&quot;:[]}\">\n\t\t\t\t\t<div class=\"e-con-inner\">\n\t\t\t\t<div class=\"elementor-element elementor-element-d67487d elementor-widget elementor-widget-image\" data-id=\"d67487d\" data-element_type=\"widget\" data-e-type=\"widget\" data-widget_type=\"image.default\">\n\t\t\t\t<div class=\"elementor-widget-container\">\n\t\t\t\t\t\t\t\t\t\t\t\t\t\t\t<img decoding=\"async\" width=\"1\" height=\"1\" src=\"https:\/\/www.connorsa.es\/wp-content\/uploads\/2023\/06\/CABO-DE-PE\u2022AS-selecci\u00a2n-horizontal_200.svg\" class=\"attachment-large size-large wp-image-4228\" alt=\"\" \/>\t\t\t\t\t\t\t\t\t\t\t\t\t\t\t<\/div>\n\t\t\t\t<\/div>\n\t\t\t\t\t<\/div>\n\t\t\t\t<\/div>\n\t\t<div class=\"elementor-element elementor-element-fd02b2d e-flex e-con-boxed e-con e-parent\" data-id=\"fd02b2d\" data-element_type=\"container\" data-e-type=\"container\" data-settings=\"{&quot;jet_parallax_layout_list&quot;:[]}\">\n\t\t\t\t\t<div class=\"e-con-inner\">\n\t\t\t\t<div class=\"elementor-element elementor-element-7266bf1 elementor-widget elementor-widget-text-editor\" data-id=\"7266bf1\" data-element_type=\"widget\" data-e-type=\"widget\" data-widget_type=\"text-editor.default\">\n\t\t\t\t<div class=\"elementor-widget-container\">\n\t\t\t\t\t\t\t\t\t<p>Les meilleures mati\u00e8res premi\u00e8res et la production enti\u00e8rement artisanale, fait qui chaque bo\u00eete soit un plat exquis reconnu par diverses publications nationales et internationales entre les meilleures et les plus exquises conserves dans le monde.<\/p>\n\t\t\t\t\t\t\t\t<\/div>\n\t\t\t\t<\/div>\n\t\t\t\t\t<\/div>\n\t\t\t\t<\/div>\n\t\t\t\t<\/div>\n\t\t<div class=\"elementor-element elementor-element-3ad4f1b e-flex e-con-boxed e-con e-parent\" data-id=\"3ad4f1b\" data-element_type=\"container\" data-e-type=\"container\" data-settings=\"{&quot;jet_parallax_layout_list&quot;:[]}\">\n\t\t\t\t\t<div class=\"e-con-inner\">\n\t\t<a class=\"elementor-element elementor-element-07d2921 e-con-full e-flex e-con e-parent\" data-id=\"07d2921\" data-element_type=\"container\" data-e-type=\"container\" data-settings=\"{&quot;jet_parallax_layout_list&quot;:[]}\" href=\"https:\/\/www.connorsa.es\/productos\/cabo-de-penas-gran-seleccion\/marisco-y-otros\/\">\n\t\t\t\t<div class=\"elementor-element elementor-element-6db540b connorsa-title elementor-widget elementor-widget-heading\" data-id=\"6db540b\" data-element_type=\"widget\" data-e-type=\"widget\" data-widget_type=\"heading.default\">\n\t\t\t\t<div class=\"elementor-widget-container\">\n\t\t\t\t\t<h2 class=\"elementor-heading-title elementor-size-default\">Seafood et autres<\/h2>\t\t\t\t<\/div>\n\t\t\t\t<\/div>\n\t\t\t\t<div class=\"elementor-element elementor-element-5f8fea6 elementor-widget elementor-widget-image\" data-id=\"5f8fea6\" data-element_type=\"widget\" data-e-type=\"widget\" data-widget_type=\"image.default\">\n\t\t\t\t<div class=\"elementor-widget-container\">\n\t\t\t\t\t\t\t\t\t\t\t\t\t\t\t<img fetchpriority=\"high\" decoding=\"async\" width=\"250\" height=\"250\" src=\"https:\/\/www.connorsa.es\/wp-content\/uploads\/2023\/05\/CONNORSA_CABO_PENAS_GRAN_SEL_mariscos_y_otros-1.png\" class=\"attachment-full size-full wp-image-3715\" alt=\"\" srcset=\"https:\/\/www.connorsa.es\/wp-content\/uploads\/2023\/05\/CONNORSA_CABO_PENAS_GRAN_SEL_mariscos_y_otros-1.png 250w, https:\/\/www.connorsa.es\/wp-content\/uploads\/2023\/05\/CONNORSA_CABO_PENAS_GRAN_SEL_mariscos_y_otros-1-150x150.png 150w\" sizes=\"(max-width: 250px) 100vw, 250px\" \/>\t\t\t\t\t\t\t\t\t\t\t\t\t\t\t<\/div>\n\t\t\t\t<\/div>\n\t\t\t\t<\/a>\n\t\t<a class=\"elementor-element elementor-element-2e19719 e-con-full e-flex e-con e-parent\" data-id=\"2e19719\" data-element_type=\"container\" data-e-type=\"container\" data-settings=\"{&quot;jet_parallax_layout_list&quot;:[]}\" href=\"https:\/\/www.connorsa.es\/productos\/cabo-de-penas-gran-seleccion\/pescados\/\">\n\t\t\t\t<div class=\"elementor-element elementor-element-3ac11a5 connorsa-title elementor-widget elementor-widget-heading\" data-id=\"3ac11a5\" data-element_type=\"widget\" data-e-type=\"widget\" data-widget_type=\"heading.default\">\n\t\t\t\t<div class=\"elementor-widget-container\">\n\t\t\t\t\t<h2 class=\"elementor-heading-title elementor-size-default\">Poissons<\/h2>\t\t\t\t<\/div>\n\t\t\t\t<\/div>\n\t\t\t\t<div class=\"elementor-element elementor-element-35283c4 elementor-widget elementor-widget-image\" data-id=\"35283c4\" data-element_type=\"widget\" data-e-type=\"widget\" data-widget_type=\"image.default\">\n\t\t\t\t<div class=\"elementor-widget-container\">\n\t\t\t\t\t\t\t\t\t\t\t\t\t\t\t<img decoding=\"async\" width=\"250\" height=\"250\" src=\"https:\/\/www.connorsa.es\/wp-content\/uploads\/2023\/05\/CONNORSA_CABO_PENAS_GRAN_SEL_pescados-1.png\" class=\"attachment-full size-full wp-image-3709\" alt=\"\" srcset=\"https:\/\/www.connorsa.es\/wp-content\/uploads\/2023\/05\/CONNORSA_CABO_PENAS_GRAN_SEL_pescados-1.png 250w, https:\/\/www.connorsa.es\/wp-content\/uploads\/2023\/05\/CONNORSA_CABO_PENAS_GRAN_SEL_pescados-1-150x150.png 150w\" sizes=\"(max-width: 250px) 100vw, 250px\" \/>\t\t\t\t\t\t\t\t\t\t\t\t\t\t\t<\/div>\n\t\t\t\t<\/div>\n\t\t\t\t<\/a>\n\t\t\t\t\t<\/div>\n\t\t\t\t<\/div>\n\t\t\t\t<\/div>\n\t\t","protected":false},"excerpt":{"rendered":"<p>Les meilleures mati\u00e8res premi\u00e8res et la production enti\u00e8rement artisanale, fait qui chaque bo\u00eete soit un plat exquis reconnu par diverses publications nationales et internationales entre les meilleures et les plus exquises conserves dans le monde. Seafood et autres Poissons<\/p>\n","protected":false},"author":1,"featured_media":0,"parent":4375,"menu_order":0,"comment_status":"closed","ping_status":"closed","template":"elementor_header_footer","meta":{"footnotes":""},"class_list":["post-4461","page","type-page","status-publish"],"acf":[],"_links":{"self":[{"href":"https:\/\/www.connorsa.es\/fr\/wp-json\/wp\/v2\/pages\/4461","targetHints":{"allow":["GET"]}}],"collection":[{"href":"https:\/\/www.connorsa.es\/fr\/wp-json\/wp\/v2\/pages"}],"about":[{"href":"https:\/\/www.connorsa.es\/fr\/wp-json\/wp\/v2\/types\/page"}],"author":[{"embeddable":true,"href":"https:\/\/www.connorsa.es\/fr\/wp-json\/wp\/v2\/users\/1"}],"replies":[{"embeddable":true,"href":"https:\/\/www.connorsa.es\/fr\/wp-json\/wp\/v2\/comments?post=4461"}],"version-history":[{"count":0,"href":"https:\/\/www.connorsa.es\/fr\/wp-json\/wp\/v2\/pages\/4461\/revisions"}],"up":[{"embeddable":true,"href":"https:\/\/www.connorsa.es\/fr\/wp-json\/wp\/v2\/pages\/4375"}],"wp:attachment":[{"href":"https:\/\/www.connorsa.es\/fr\/wp-json\/wp\/v2\/media?parent=4461"}],"curies":[{"name":"wp","href":"https:\/\/api.w.org\/{rel}","templated":true}]}}