{"id":6937,"date":"2023-05-30T11:23:57","date_gmt":"2023-05-30T09:23:57","guid":{"rendered":"https:\/\/www.connorsa.es\/informativa-sulla-privacy\/"},"modified":"2024-03-06T10:08:43","modified_gmt":"2024-03-06T09:08:43","slug":"informativa-sulla-privacy","status":"publish","type":"page","link":"https:\/\/www.connorsa.es\/it\/informativa-sulla-privacy\/","title":{"rendered":"Informativa sulla privacy"},"content":{"rendered":"\t\t<div data-elementor-type=\"wp-page\" data-elementor-id=\"6937\" class=\"elementor elementor-6937 elementor-4057\" data-elementor-post-type=\"page\">\n\t\t\t\t<div class=\"elementor-element elementor-element-428a91c e-con-full e-flex e-con e-parent\" data-id=\"428a91c\" data-element_type=\"container\" data-e-type=\"container\" data-settings=\"{&quot;background_background&quot;:&quot;classic&quot;,&quot;jet_parallax_layout_list&quot;:[]}\">\n\t\t\t\t<\/div>\n\t\t<div class=\"elementor-element elementor-element-fe8b4e6 e-con-full e-flex e-con e-parent\" data-id=\"fe8b4e6\" data-element_type=\"container\" data-e-type=\"container\" data-settings=\"{&quot;jet_parallax_layout_list&quot;:[]}\">\n\t\t<div class=\"elementor-element elementor-element-06cce0f e-flex e-con-boxed e-con e-parent\" data-id=\"06cce0f\" data-element_type=\"container\" data-e-type=\"container\" data-settings=\"{&quot;jet_parallax_layout_list&quot;:[]}\">\n\t\t\t\t\t<div class=\"e-con-inner\">\n\t\t\t\t<div class=\"elementor-element elementor-element-abf3ef6 elementor-widget elementor-widget-text-editor\" data-id=\"abf3ef6\" data-element_type=\"widget\" data-e-type=\"widget\" data-widget_type=\"text-editor.default\">\n\t\t\t\t<div class=\"elementor-widget-container\">\n\t\t\t\t\t\t\t\t\t<p>Los datos personales vinculados a esta web respetan las exigencias del Reglamento (UE) 2016\/679 RGPD y LOPDGDD 3\/2018.<\/p>\n<p><strong>\u00bfQui\u00e9n es el Responsable del tratamiento?<\/strong><\/p>\n<p>CONNORSA- CONSERVAS DEL NOROESTE, S.A<\/p>\n<p>NIF: A36030096<\/p>\n<p>Direcci\u00f3n: Lugar de Pedra Navallas- Acu\u00f1a, S\/n, 36141, Vilaboa-acu\u00f1a (Pontevedra) Espa\u00f1a<\/p>\n<p>Tel\u00e9fono: 986708233<\/p>\n<p>Correo electr\u00f3nico: marketing@connorsa.es<\/p>\n<p><strong><br \/>\u00bfCon que finalidad y legitimaci\u00f3n tratamos sus datos personales?<\/strong><\/p>\n<p>a) Gestionar y atender a las solicitudes de informaci\u00f3n, dudas, consultas, sugerencias o quejas relacionados con nuestra actividad que se realizan a trav\u00e9s del formulario de contacto de nuestra p\u00e1gina web. Podemos tratar sus datos con esta finalidad porque tenemos un inter\u00e9s leg\u00edtimo en atender a las comunicaciones necesarias para poder llevar a cabo nuestra actividad. <\/p>\n<p>b) Gestionar los curriculums recibidos a trav\u00e9s del formulario de contacto de nuestra p\u00e1gina web con la finalidad de que pueda participar en los procesos de selecci\u00f3n que podamos llegar a organizar en un futuro. Podremos tratar sus datos con esta finalidad porque nos has dado su consentimiento al presentarnos su curr\u00edculum. <\/p>\n<p><strong>\u00bfDurante cu\u00e1nto tiempo conservaremos sus datos personales?<\/strong><\/p>\n<p>a) Los datos de las personas que contactan a trav\u00e9s del formulario de contacto para hacer una solicitud de informaci\u00f3n, presentar una queja o una sugerencia se conservar\u00e1n durante el tiempo necesario para el cumplimiento de las finalidades indicadas.<\/p>\n<p>b) Los datos de las personas que hacen entrega de su curriculum a trav\u00e9s del formulario de contacto, se conservar\u00e1n durante el plazo m\u00e1ximo de un a\u00f1o.<\/p>\n<p><strong>\u00bfA qu\u00e9 destinatarios se comunicar\u00e1n sus datos?<\/strong><\/p>\n<p>No se ceder\u00e1n sus datos a terceros. Se comunicar\u00e1n a nuestros encargados de tratamiento los datos que sean necesarios cuando sea necesario para la correcta prestaci\u00f3n de los servicios contratados. <\/p>\n<\/p>\n<p><strong>\u00bfSe realizar\u00e1n transferencias internacionales de datos?<\/strong><\/p>\n<p>No se realizar\u00e1n Transferencias Internacionales de datos.<\/p>\n<\/p>\n<p><strong>\u00bfCu\u00e1les son sus derechos cuando nos facilita sus datos personales?<\/strong><\/p>\n<p>\u2013 Acceso: derecho a obtener confirmaci\u00f3n sobre si estamos tratando datos personales suyos o no, a saber, cu\u00e1les son, para que se usan, cuanto tiempo se van a guardar, el origen de los mismos y si se han comunicado o se van a comunicar a un tercero.<\/p>\n<p>\u2013 Rectificaci\u00f3n: derecho a solicitar la rectificaci\u00f3n de los datos inexactos y a que se completen los datos personales incompletos.<\/p>\n<p>\u2013 Supresi\u00f3n: derecho a solicitar la supresi\u00f3n de los datos de car\u00e1cter personal cuando sean inadecuados, excesivos o ya no sean necesarios para los fines para los que fueron recogidos, incluido el derecho al olvido.<\/p>\n<p>\u2013 Oposici\u00f3n: derecho a oponerse, en determinadas circunstancias, a que se realice el tratamiento de sus datos personales o a solicitar que se cese en el tratamiento.<\/p>\n<p>\u2013 Limitaci\u00f3n del Tratamiento: derecho a solicitar, en las circunstancias establecidas legalmente, que no se traten sus datos m\u00e1s all\u00e1 de la mera conservaci\u00f3n de los mismos.<\/p>\n<p>\u2013 Portabilidad: derecho a recibir los datos de car\u00e1cter personal en un formato estructurado, de uso com\u00fan y lectura mec\u00e1nica, y poder transmitirlos a otro responsable, siempre que sea t\u00e9cnicamente posible.<\/p>\n<p>\u2013 Derecho a retirar el consentimiento: podr\u00e1 retirar su consentimiento en cualquier momento y, s\u00ed lo retira, los tratamientos de datos que se hayan realizado con anterioridad continuar\u00e1n siendo v\u00e1lidos.<\/p>\n<\/p>\n<p><strong>\u00bfD\u00f3nde podr\u00e1 ejercitar sus derechos?<\/strong><\/p>\n<p>El ejercicio de derechos deber\u00e1 efectuarse por escrito, dirigi\u00e9ndose a Lugar de Pedra Navallas- Acu\u00f1a, S\/n, 36141, Vilaboa-acu\u00f1a (Pontevedra) Espa\u00f1a o a trav\u00e9s del correo electr\u00f3nico informatica@connorsa.es. CONNORSA- CONSERVAS DEL NOROESTE, S.A pone a su disposici\u00f3n modelos para la realizaci\u00f3n del ejercicio de derechos que pueden obtenerse en la direcci\u00f3n o a trav\u00e9s del correo electr\u00f3nico indicados anteriormente. Para m\u00e1s informaci\u00f3n: www.agpd.es.  <\/p>\n<\/p>\n<p><strong>\u00bfDerecho de reclamaci\u00f3n ante la Autoridad de Control?<\/strong><\/p>\n<p>En el caso de que no se hayan respetado sus derechos puede presentar una reclamaci\u00f3n dirigi\u00e9ndose por escrito a la Agencia Espa\u00f1ola de Protecci\u00f3n de Datos sita en la calle Jorge Juan, 6-28001-Madrid o utilizar la sede electr\u00f3nica: https:\/\/sedeagpd.gob. En ambos casos, deber\u00e1 acompa\u00f1ar la documentaci\u00f3n pertinente.<\/p><\/p>\n\t\t\t\t\t\t\t\t<\/div>\n\t\t\t\t<\/div>\n\t\t\t\t\t<\/div>\n\t\t\t\t<\/div>\n\t\t\t\t<\/div>\n\t\t\t\t<\/div>\n\t\t","protected":false},"excerpt":{"rendered":"<p>Los datos personales vinculados a esta web respetan las exigencias del Reglamento (UE) 2016\/679 RGPD y LOPDGDD 3\/2018. \u00bfQui\u00e9n es el Responsable del tratamiento? CONNORSA- CONSERVAS DEL NOROESTE, S.A NIF: A36030096 Direcci\u00f3n: Lugar de Pedra Navallas- Acu\u00f1a, S\/n, 36141, Vilaboa-acu\u00f1a (Pontevedra) Espa\u00f1a Tel\u00e9fono: 986708233 Correo electr\u00f3nico: marketing@connorsa.es \u00bfCon que finalidad y legitimaci\u00f3n tratamos sus datos &#8230; <a title=\"Informativa sulla privacy\" class=\"read-more\" href=\"https:\/\/www.connorsa.es\/it\/informativa-sulla-privacy\/\" aria-label=\"Per saperne di pi\u00f9 su Informativa sulla privacy\">Leggi tutto<\/a><\/p>\n","protected":false},"author":1,"featured_media":0,"parent":0,"menu_order":0,"comment_status":"closed","ping_status":"closed","template":"elementor_header_footer","meta":{"footnotes":""},"class_list":["post-6937","page","type-page","status-publish"],"acf":[],"_links":{"self":[{"href":"https:\/\/www.connorsa.es\/it\/wp-json\/wp\/v2\/pages\/6937","targetHints":{"allow":["GET"]}}],"collection":[{"href":"https:\/\/www.connorsa.es\/it\/wp-json\/wp\/v2\/pages"}],"about":[{"href":"https:\/\/www.connorsa.es\/it\/wp-json\/wp\/v2\/types\/page"}],"author":[{"embeddable":true,"href":"https:\/\/www.connorsa.es\/it\/wp-json\/wp\/v2\/users\/1"}],"replies":[{"embeddable":true,"href":"https:\/\/www.connorsa.es\/it\/wp-json\/wp\/v2\/comments?post=6937"}],"version-history":[{"count":0,"href":"https:\/\/www.connorsa.es\/it\/wp-json\/wp\/v2\/pages\/6937\/revisions"}],"wp:attachment":[{"href":"https:\/\/www.connorsa.es\/it\/wp-json\/wp\/v2\/media?parent=6937"}],"curies":[{"name":"wp","href":"https:\/\/api.w.org\/{rel}","templated":true}]}}