{"id":7144,"date":"2023-05-25T11:28:23","date_gmt":"2023-05-25T09:28:23","guid":{"rendered":"https:\/\/www.connorsa.es\/prodotti\/cabo-de-penas\/"},"modified":"2024-03-13T09:34:43","modified_gmt":"2024-03-13T08:34:43","slug":"cabo-de-penas","status":"publish","type":"page","link":"https:\/\/www.connorsa.es\/it\/prodotti\/cabo-de-penas\/","title":{"rendered":"Cabo de Pe\u00f1as"},"content":{"rendered":"\t\t<div data-elementor-type=\"wp-page\" data-elementor-id=\"7144\" class=\"elementor elementor-7144 elementor-3745\" data-elementor-post-type=\"page\">\n\t\t\t\t<div class=\"elementor-element elementor-element-ae85274 e-con-full e-flex e-con e-parent\" data-id=\"ae85274\" data-element_type=\"container\" data-e-type=\"container\" data-settings=\"{&quot;jet_parallax_layout_list&quot;:[]}\">\n\t\t<div class=\"elementor-element elementor-element-474fb4e e-flex e-con-boxed e-con e-parent\" data-id=\"474fb4e\" data-element_type=\"container\" data-e-type=\"container\" data-settings=\"{&quot;jet_parallax_layout_list&quot;:[]}\">\n\t\t\t\t\t<div class=\"e-con-inner\">\n\t\t\t\t<div class=\"elementor-element elementor-element-7281bf1 elementor-widget elementor-widget-image\" data-id=\"7281bf1\" data-element_type=\"widget\" data-e-type=\"widget\" data-widget_type=\"image.default\">\n\t\t\t\t<div class=\"elementor-widget-container\">\n\t\t\t\t\t\t\t\t\t\t\t\t\t\t\t<img fetchpriority=\"high\" decoding=\"async\" width=\"1024\" height=\"243\" src=\"https:\/\/www.connorsa.es\/wp-content\/uploads\/2023\/06\/CdP-1898_alta_resize.png\" class=\"attachment-2048x2048 size-2048x2048 wp-image-6456\" alt=\"\" srcset=\"https:\/\/www.connorsa.es\/wp-content\/uploads\/2023\/06\/CdP-1898_alta_resize.png 1024w, https:\/\/www.connorsa.es\/wp-content\/uploads\/2023\/06\/CdP-1898_alta_resize-300x71.png 300w, https:\/\/www.connorsa.es\/wp-content\/uploads\/2023\/06\/CdP-1898_alta_resize-768x182.png 768w\" sizes=\"(max-width: 1024px) 100vw, 1024px\" \/>\t\t\t\t\t\t\t\t\t\t\t\t\t\t\t<\/div>\n\t\t\t\t<\/div>\n\t\t\t\t\t<\/div>\n\t\t\t\t<\/div>\n\t\t<div class=\"elementor-element elementor-element-884bce5 e-flex e-con-boxed e-con e-parent\" data-id=\"884bce5\" data-element_type=\"container\" data-e-type=\"container\" data-settings=\"{&quot;jet_parallax_layout_list&quot;:[]}\">\n\t\t\t\t\t<div class=\"e-con-inner\">\n\t\t\t\t<div class=\"elementor-element elementor-element-079e311 elementor-widget elementor-widget-text-editor\" data-id=\"079e311\" data-element_type=\"widget\" data-e-type=\"widget\" data-widget_type=\"text-editor.default\">\n\t\t\t\t<div class=\"elementor-widget-container\">\n\t\t\t\t\t\t\t\t\t<p>CABO DE PE\u00d1AS \u00e8 la nostra linea pi\u00f9 ampia. Offre un&#8217;ampia variet\u00e0 di prodotti a base di olio di girasole e di oliva, comprese specialit\u00e0 a basso contenuto di sale. <\/p>\n\t\t\t\t\t\t\t\t<\/div>\n\t\t\t\t<\/div>\n\t\t\t\t\t<\/div>\n\t\t\t\t<\/div>\n\t\t\t\t<\/div>\n\t\t<div class=\"elementor-element elementor-element-457c185 e-flex e-con-boxed e-con e-parent\" data-id=\"457c185\" data-element_type=\"container\" data-e-type=\"container\" data-settings=\"{&quot;jet_parallax_layout_list&quot;:[]}\">\n\t\t\t\t\t<div class=\"e-con-inner\">\n\t\t<a class=\"elementor-element elementor-element-d98ae15 e-con-full e-flex e-con e-parent\" data-id=\"d98ae15\" data-element_type=\"container\" data-e-type=\"container\" data-settings=\"{&quot;jet_parallax_layout_list&quot;:[]}\" href=\"https:\/\/www.connorsa.es\/productos\/cabo-de-penas\/atun\/\">\n\t\t\t\t<div class=\"elementor-element elementor-element-87f7827 connorsa-title elementor-widget elementor-widget-heading\" data-id=\"87f7827\" data-element_type=\"widget\" data-e-type=\"widget\" data-widget_type=\"heading.default\">\n\t\t\t\t<div class=\"elementor-widget-container\">\n\t\t\t\t\t<h2 class=\"elementor-heading-title elementor-size-default\">TONNO<\/h2>\t\t\t\t<\/div>\n\t\t\t\t<\/div>\n\t\t\t\t<div class=\"elementor-element elementor-element-36903cd elementor-widget elementor-widget-image\" data-id=\"36903cd\" data-element_type=\"widget\" data-e-type=\"widget\" data-widget_type=\"image.default\">\n\t\t\t\t<div class=\"elementor-widget-container\">\n\t\t\t\t\t\t\t\t\t\t\t\t\t\t\t<img decoding=\"async\" width=\"250\" height=\"250\" src=\"https:\/\/www.connorsa.es\/wp-content\/uploads\/2023\/05\/CONNORSA_CABO_PENAS_atun.png\" class=\"attachment-full size-full wp-image-6414\" alt=\"\" srcset=\"https:\/\/www.connorsa.es\/wp-content\/uploads\/2023\/05\/CONNORSA_CABO_PENAS_atun.png 250w, https:\/\/www.connorsa.es\/wp-content\/uploads\/2023\/05\/CONNORSA_CABO_PENAS_atun-150x150.png 150w\" sizes=\"(max-width: 250px) 100vw, 250px\" \/>\t\t\t\t\t\t\t\t\t\t\t\t\t\t\t<\/div>\n\t\t\t\t<\/div>\n\t\t\t\t<\/a>\n\t\t<a class=\"elementor-element elementor-element-266e3b2 e-con-full e-flex e-con e-parent\" data-id=\"266e3b2\" data-element_type=\"container\" data-e-type=\"container\" data-settings=\"{&quot;jet_parallax_layout_list&quot;:[]}\" href=\"https:\/\/www.connorsa.es\/productos\/cabo-de-penas\/atun-claro-y-bonito\/\">\n\t\t\t\t<div class=\"elementor-element elementor-element-a0c0c76 connorsa-title elementor-widget elementor-widget-heading\" data-id=\"a0c0c76\" data-element_type=\"widget\" data-e-type=\"widget\" data-widget_type=\"heading.default\">\n\t\t\t\t<div class=\"elementor-widget-container\">\n\t\t\t\t\t<h2 class=\"elementor-heading-title elementor-size-default\">TONNO PINNA GIALLA E ALALUNGA<\/h2>\t\t\t\t<\/div>\n\t\t\t\t<\/div>\n\t\t\t\t<div class=\"elementor-element elementor-element-a05afe4 elementor-widget elementor-widget-image\" data-id=\"a05afe4\" data-element_type=\"widget\" data-e-type=\"widget\" data-widget_type=\"image.default\">\n\t\t\t\t<div class=\"elementor-widget-container\">\n\t\t\t\t\t\t\t\t\t\t\t\t\t\t\t<img decoding=\"async\" width=\"250\" height=\"250\" src=\"https:\/\/www.connorsa.es\/wp-content\/uploads\/2023\/05\/CONNORSA_CABO_PENAS_atun_bonito-1.png\" class=\"attachment-full size-full wp-image-6416\" alt=\"\" srcset=\"https:\/\/www.connorsa.es\/wp-content\/uploads\/2023\/05\/CONNORSA_CABO_PENAS_atun_bonito-1.png 250w, https:\/\/www.connorsa.es\/wp-content\/uploads\/2023\/05\/CONNORSA_CABO_PENAS_atun_bonito-1-150x150.png 150w\" sizes=\"(max-width: 250px) 100vw, 250px\" \/>\t\t\t\t\t\t\t\t\t\t\t\t\t\t\t<\/div>\n\t\t\t\t<\/div>\n\t\t\t\t<\/a>\n\t\t<a class=\"elementor-element elementor-element-71959fe e-con-full e-flex e-con e-parent\" data-id=\"71959fe\" data-element_type=\"container\" data-e-type=\"container\" data-settings=\"{&quot;jet_parallax_layout_list&quot;:[]}\" href=\"https:\/\/www.connorsa.es\/productos\/cabo-de-penas\/berberechos\/\">\n\t\t\t\t<div class=\"elementor-element elementor-element-ba9a2a7 connorsa-title elementor-widget elementor-widget-heading\" data-id=\"ba9a2a7\" data-element_type=\"widget\" data-e-type=\"widget\" data-widget_type=\"heading.default\">\n\t\t\t\t<div class=\"elementor-widget-container\">\n\t\t\t\t\t<h2 class=\"elementor-heading-title elementor-size-default\">CUORI DI MARE<\/h2>\t\t\t\t<\/div>\n\t\t\t\t<\/div>\n\t\t\t\t<div class=\"elementor-element elementor-element-4e3eff0 elementor-widget elementor-widget-image\" data-id=\"4e3eff0\" data-element_type=\"widget\" data-e-type=\"widget\" data-widget_type=\"image.default\">\n\t\t\t\t<div class=\"elementor-widget-container\">\n\t\t\t\t\t\t\t\t\t\t\t\t\t\t\t<img loading=\"lazy\" decoding=\"async\" width=\"250\" height=\"250\" src=\"https:\/\/www.connorsa.es\/wp-content\/uploads\/2023\/05\/CONNORSA_CABO_PENAS_berberechos-1.png\" class=\"attachment-full size-full wp-image-6412\" alt=\"\" srcset=\"https:\/\/www.connorsa.es\/wp-content\/uploads\/2023\/05\/CONNORSA_CABO_PENAS_berberechos-1.png 250w, https:\/\/www.connorsa.es\/wp-content\/uploads\/2023\/05\/CONNORSA_CABO_PENAS_berberechos-1-150x150.png 150w\" sizes=\"(max-width: 250px) 100vw, 250px\" \/>\t\t\t\t\t\t\t\t\t\t\t\t\t\t\t<\/div>\n\t\t\t\t<\/div>\n\t\t\t\t<\/a>\n\t\t<a class=\"elementor-element elementor-element-d3357f5 e-con-full e-flex e-con e-parent\" data-id=\"d3357f5\" data-element_type=\"container\" data-e-type=\"container\" data-settings=\"{&quot;jet_parallax_layout_list&quot;:[]}\" href=\"https:\/\/www.connorsa.es\/productos\/cabo-de-penas\/caballa\/\">\n\t\t\t\t<div class=\"elementor-element elementor-element-10b76a1 connorsa-title elementor-widget elementor-widget-heading\" data-id=\"10b76a1\" data-element_type=\"widget\" data-e-type=\"widget\" data-widget_type=\"heading.default\">\n\t\t\t\t<div class=\"elementor-widget-container\">\n\t\t\t\t\t<h2 class=\"elementor-heading-title elementor-size-default\">SGOMBRO<\/h2>\t\t\t\t<\/div>\n\t\t\t\t<\/div>\n\t\t\t\t<div class=\"elementor-element elementor-element-6265514 elementor-widget elementor-widget-image\" data-id=\"6265514\" data-element_type=\"widget\" data-e-type=\"widget\" data-widget_type=\"image.default\">\n\t\t\t\t<div class=\"elementor-widget-container\">\n\t\t\t\t\t\t\t\t\t\t\t\t\t\t\t<img loading=\"lazy\" decoding=\"async\" width=\"250\" height=\"250\" src=\"https:\/\/www.connorsa.es\/wp-content\/uploads\/2023\/05\/CONNORSA_CABO_PENAS_caballa-1.png\" class=\"attachment-full size-full wp-image-6420\" alt=\"\" srcset=\"https:\/\/www.connorsa.es\/wp-content\/uploads\/2023\/05\/CONNORSA_CABO_PENAS_caballa-1.png 250w, https:\/\/www.connorsa.es\/wp-content\/uploads\/2023\/05\/CONNORSA_CABO_PENAS_caballa-1-150x150.png 150w\" sizes=\"(max-width: 250px) 100vw, 250px\" \/>\t\t\t\t\t\t\t\t\t\t\t\t\t\t\t<\/div>\n\t\t\t\t<\/div>\n\t\t\t\t<\/a>\n\t\t<a class=\"elementor-element elementor-element-27d3785 e-con-full e-flex e-con e-parent\" data-id=\"27d3785\" data-element_type=\"container\" data-e-type=\"container\" data-settings=\"{&quot;jet_parallax_layout_list&quot;:[]}\" href=\"https:\/\/www.connorsa.es\/productos\/cabo-de-penas\/cefalopodos\/\">\n\t\t\t\t<div class=\"elementor-element elementor-element-3a6b389 connorsa-title elementor-widget elementor-widget-heading\" data-id=\"3a6b389\" data-element_type=\"widget\" data-e-type=\"widget\" data-widget_type=\"heading.default\">\n\t\t\t\t<div class=\"elementor-widget-container\">\n\t\t\t\t\t<h2 class=\"elementor-heading-title elementor-size-default\">CEFALOPODI<\/h2>\t\t\t\t<\/div>\n\t\t\t\t<\/div>\n\t\t\t\t<div class=\"elementor-element elementor-element-57b2a49 elementor-widget elementor-widget-image\" data-id=\"57b2a49\" data-element_type=\"widget\" data-e-type=\"widget\" data-widget_type=\"image.default\">\n\t\t\t\t<div class=\"elementor-widget-container\">\n\t\t\t\t\t\t\t\t\t\t\t\t\t\t\t<img loading=\"lazy\" decoding=\"async\" width=\"250\" height=\"250\" src=\"https:\/\/www.connorsa.es\/wp-content\/uploads\/2023\/05\/CONNORSA_CABO_PENAS_cefalopodos-1.png\" class=\"attachment-full size-full wp-image-6422\" alt=\"\" srcset=\"https:\/\/www.connorsa.es\/wp-content\/uploads\/2023\/05\/CONNORSA_CABO_PENAS_cefalopodos-1.png 250w, https:\/\/www.connorsa.es\/wp-content\/uploads\/2023\/05\/CONNORSA_CABO_PENAS_cefalopodos-1-150x150.png 150w\" sizes=\"(max-width: 250px) 100vw, 250px\" \/>\t\t\t\t\t\t\t\t\t\t\t\t\t\t\t<\/div>\n\t\t\t\t<\/div>\n\t\t\t\t<\/a>\n\t\t<a class=\"elementor-element elementor-element-ecc87b0 e-con-full e-flex e-con e-parent\" data-id=\"ecc87b0\" data-element_type=\"container\" data-e-type=\"container\" data-settings=\"{&quot;jet_parallax_layout_list&quot;:[]}\" href=\"https:\/\/www.connorsa.es\/productos\/cabo-de-penas\/especialidades\/\">\n\t\t\t\t<div class=\"elementor-element elementor-element-b714721 connorsa-title elementor-widget elementor-widget-heading\" data-id=\"b714721\" data-element_type=\"widget\" data-e-type=\"widget\" data-widget_type=\"heading.default\">\n\t\t\t\t<div class=\"elementor-widget-container\">\n\t\t\t\t\t<h2 class=\"elementor-heading-title elementor-size-default\">SPECIALIT\u00c0\n<\/h2>\t\t\t\t<\/div>\n\t\t\t\t<\/div>\n\t\t\t\t<div class=\"elementor-element elementor-element-cb437d2 elementor-widget elementor-widget-image\" data-id=\"cb437d2\" data-element_type=\"widget\" data-e-type=\"widget\" data-widget_type=\"image.default\">\n\t\t\t\t<div class=\"elementor-widget-container\">\n\t\t\t\t\t\t\t\t\t\t\t\t\t\t\t<img loading=\"lazy\" decoding=\"async\" width=\"250\" height=\"250\" src=\"https:\/\/www.connorsa.es\/wp-content\/uploads\/2023\/05\/CONNORSA_CABO_PENAS_especialidades-1.png\" class=\"attachment-full size-full wp-image-6424\" alt=\"\" srcset=\"https:\/\/www.connorsa.es\/wp-content\/uploads\/2023\/05\/CONNORSA_CABO_PENAS_especialidades-1.png 250w, https:\/\/www.connorsa.es\/wp-content\/uploads\/2023\/05\/CONNORSA_CABO_PENAS_especialidades-1-150x150.png 150w\" sizes=\"(max-width: 250px) 100vw, 250px\" \/>\t\t\t\t\t\t\t\t\t\t\t\t\t\t\t<\/div>\n\t\t\t\t<\/div>\n\t\t\t\t<\/a>\n\t\t<a class=\"elementor-element elementor-element-a28f9ca e-con-full e-flex e-con e-parent\" data-id=\"a28f9ca\" data-element_type=\"container\" data-e-type=\"container\" data-settings=\"{&quot;jet_parallax_layout_list&quot;:[]}\" href=\"https:\/\/www.connorsa.es\/productos\/cabo-de-penas\/mejillones\/\">\n\t\t\t\t<div class=\"elementor-element elementor-element-59114f6 connorsa-title elementor-widget elementor-widget-heading\" data-id=\"59114f6\" data-element_type=\"widget\" data-e-type=\"widget\" data-widget_type=\"heading.default\">\n\t\t\t\t<div class=\"elementor-widget-container\">\n\t\t\t\t\t<h2 class=\"elementor-heading-title elementor-size-default\">COZZE<\/h2>\t\t\t\t<\/div>\n\t\t\t\t<\/div>\n\t\t\t\t<div class=\"elementor-element elementor-element-56d3a95 elementor-widget elementor-widget-image\" data-id=\"56d3a95\" data-element_type=\"widget\" data-e-type=\"widget\" data-widget_type=\"image.default\">\n\t\t\t\t<div class=\"elementor-widget-container\">\n\t\t\t\t\t\t\t\t\t\t\t\t\t\t\t<img loading=\"lazy\" decoding=\"async\" width=\"250\" height=\"250\" src=\"https:\/\/www.connorsa.es\/wp-content\/uploads\/2023\/05\/CONNORSA_CABO_PENAS_mejillones-2.png\" class=\"attachment-full size-full wp-image-6426\" alt=\"\" srcset=\"https:\/\/www.connorsa.es\/wp-content\/uploads\/2023\/05\/CONNORSA_CABO_PENAS_mejillones-2.png 250w, https:\/\/www.connorsa.es\/wp-content\/uploads\/2023\/05\/CONNORSA_CABO_PENAS_mejillones-2-150x150.png 150w\" sizes=\"(max-width: 250px) 100vw, 250px\" \/>\t\t\t\t\t\t\t\t\t\t\t\t\t\t\t<\/div>\n\t\t\t\t<\/div>\n\t\t\t\t<\/a>\n\t\t<a class=\"elementor-element elementor-element-ccabaf4 e-con-full e-flex e-con e-parent\" data-id=\"ccabaf4\" data-element_type=\"container\" data-e-type=\"container\" data-settings=\"{&quot;jet_parallax_layout_list&quot;:[]}\" href=\"https:\/\/www.connorsa.es\/productos\/cabo-de-penas\/sardinas\/\">\n\t\t\t\t<div class=\"elementor-element elementor-element-e08a5ed connorsa-title elementor-widget elementor-widget-heading\" data-id=\"e08a5ed\" data-element_type=\"widget\" data-e-type=\"widget\" data-widget_type=\"heading.default\">\n\t\t\t\t<div class=\"elementor-widget-container\">\n\t\t\t\t\t<h2 class=\"elementor-heading-title elementor-size-default\">SARDINE<\/h2>\t\t\t\t<\/div>\n\t\t\t\t<\/div>\n\t\t\t\t<div class=\"elementor-element elementor-element-bf693f2 elementor-widget elementor-widget-image\" data-id=\"bf693f2\" data-element_type=\"widget\" data-e-type=\"widget\" data-widget_type=\"image.default\">\n\t\t\t\t<div class=\"elementor-widget-container\">\n\t\t\t\t\t\t\t\t\t\t\t\t\t\t\t<img loading=\"lazy\" decoding=\"async\" width=\"250\" height=\"250\" src=\"https:\/\/www.connorsa.es\/wp-content\/uploads\/2023\/05\/CONNORSA_CABO_PENAS_sardinas-1.png\" class=\"attachment-full size-full wp-image-6408\" alt=\"\" srcset=\"https:\/\/www.connorsa.es\/wp-content\/uploads\/2023\/05\/CONNORSA_CABO_PENAS_sardinas-1.png 250w, https:\/\/www.connorsa.es\/wp-content\/uploads\/2023\/05\/CONNORSA_CABO_PENAS_sardinas-1-150x150.png 150w\" sizes=\"(max-width: 250px) 100vw, 250px\" \/>\t\t\t\t\t\t\t\t\t\t\t\t\t\t\t<\/div>\n\t\t\t\t<\/div>\n\t\t\t\t<\/a>\n\t\t<a class=\"elementor-element elementor-element-301b96d e-con-full e-flex e-con e-parent\" data-id=\"301b96d\" data-element_type=\"container\" data-e-type=\"container\" data-settings=\"{&quot;jet_parallax_layout_list&quot;:[]}\" href=\"https:\/\/www.connorsa.es\/productos\/cabo-de-penas\/sardinillas\/\">\n\t\t\t\t<div class=\"elementor-element elementor-element-76258ff connorsa-title elementor-widget elementor-widget-heading\" data-id=\"76258ff\" data-element_type=\"widget\" data-e-type=\"widget\" data-widget_type=\"heading.default\">\n\t\t\t\t<div class=\"elementor-widget-container\">\n\t\t\t\t\t<h2 class=\"elementor-heading-title elementor-size-default\">SARDINELLE<\/h2>\t\t\t\t<\/div>\n\t\t\t\t<\/div>\n\t\t\t\t<div class=\"elementor-element elementor-element-f21d396 elementor-widget elementor-widget-image\" data-id=\"f21d396\" data-element_type=\"widget\" data-e-type=\"widget\" data-widget_type=\"image.default\">\n\t\t\t\t<div class=\"elementor-widget-container\">\n\t\t\t\t\t\t\t\t\t\t\t\t\t\t\t<img loading=\"lazy\" decoding=\"async\" width=\"250\" height=\"250\" src=\"https:\/\/www.connorsa.es\/wp-content\/uploads\/2023\/05\/CONNORSA_CABO_PENAS_sardinillas-1.png\" class=\"attachment-full size-full wp-image-6410\" alt=\"\" srcset=\"https:\/\/www.connorsa.es\/wp-content\/uploads\/2023\/05\/CONNORSA_CABO_PENAS_sardinillas-1.png 250w, https:\/\/www.connorsa.es\/wp-content\/uploads\/2023\/05\/CONNORSA_CABO_PENAS_sardinillas-1-150x150.png 150w\" sizes=\"(max-width: 250px) 100vw, 250px\" \/>\t\t\t\t\t\t\t\t\t\t\t\t\t\t\t<\/div>\n\t\t\t\t<\/div>\n\t\t\t\t<\/a>\n\t\t\t\t\t<\/div>\n\t\t\t\t<\/div>\n\t\t\t\t<\/div>\n\t\t","protected":false},"excerpt":{"rendered":"<p>CABO DE PE\u00d1AS \u00e8 la nostra linea pi\u00f9 ampia. Offre un&#8217;ampia variet\u00e0 di prodotti a base di olio di girasole e di oliva, comprese specialit\u00e0 a basso contenuto di sale. TONNO TONNO PINNA GIALLA E ALALUNGA CUORI DI MARE SGOMBRO CEFALOPODI SPECIALIT\u00c0 COZZE SARDINE SARDINELLE<\/p>\n","protected":false},"author":1,"featured_media":0,"parent":6753,"menu_order":0,"comment_status":"closed","ping_status":"closed","template":"elementor_header_footer","meta":{"footnotes":""},"class_list":["post-7144","page","type-page","status-publish"],"acf":[],"_links":{"self":[{"href":"https:\/\/www.connorsa.es\/it\/wp-json\/wp\/v2\/pages\/7144","targetHints":{"allow":["GET"]}}],"collection":[{"href":"https:\/\/www.connorsa.es\/it\/wp-json\/wp\/v2\/pages"}],"about":[{"href":"https:\/\/www.connorsa.es\/it\/wp-json\/wp\/v2\/types\/page"}],"author":[{"embeddable":true,"href":"https:\/\/www.connorsa.es\/it\/wp-json\/wp\/v2\/users\/1"}],"replies":[{"embeddable":true,"href":"https:\/\/www.connorsa.es\/it\/wp-json\/wp\/v2\/comments?post=7144"}],"version-history":[{"count":0,"href":"https:\/\/www.connorsa.es\/it\/wp-json\/wp\/v2\/pages\/7144\/revisions"}],"up":[{"embeddable":true,"href":"https:\/\/www.connorsa.es\/it\/wp-json\/wp\/v2\/pages\/6753"}],"wp:attachment":[{"href":"https:\/\/www.connorsa.es\/it\/wp-json\/wp\/v2\/media?parent=7144"}],"curies":[{"name":"wp","href":"https:\/\/api.w.org\/{rel}","templated":true}]}}